{"id":131,"date":"2023-04-04T11:02:47","date_gmt":"2023-04-04T10:02:47","guid":{"rendered":"https:\/\/delneshin.de\/?page_id=131"},"modified":"2025-10-07T12:11:15","modified_gmt":"2025-10-07T11:11:15","slug":"impressum","status":"publish","type":"page","link":"https:\/\/delneshin.de\/de\/impressum\/","title":{"rendered":"Impressum"},"content":{"rendered":"<div data-colibri-id=\"131-c1\" class=\"style-1284 style-local-131-c1 position-relative\">\n  <!---->\n  <div data-colibri-component=\"section\" data-colibri-id=\"131-c2\" data-aos=\"fadeIn\" id=\"f-a-q\" class=\"h-section h-section-global-spacing d-flex align-items-lg-center align-items-md-center align-items-center style-1334 style-local-131-c2 position-relative\">\n    <!---->\n    <!---->\n    <div class=\"h-section-grid-container h-section-boxed-container\">\n      <!---->\n      <div data-colibri-id=\"131-c3\" class=\"h-row-container gutters-row-lg-2 gutters-row-md-2 gutters-row-2 gutters-row-v-lg-2 gutters-row-v-md-2 gutters-row-v-2 style-1335 style-local-131-c3 position-relative\">\n        <!---->\n        <div class=\"h-row justify-content-lg-center justify-content-md-center justify-content-center align-items-lg-stretch align-items-md-stretch align-items-stretch gutters-col-lg-2 gutters-col-md-2 gutters-col-2 gutters-col-v-lg-2 gutters-col-v-md-2 gutters-col-v-2\">\n          <!---->\n          <div class=\"h-column h-column-container d-flex h-col-lg-auto h-col-md-auto h-col-auto style-1336-outer style-local-131-c4-outer\">\n            <div data-colibri-id=\"131-c4\" class=\"d-flex h-flex-basis h-column__inner h-px-lg-2 h-px-md-2 h-px-2 v-inner-lg-2 v-inner-md-2 v-inner-2 style-1336 style-local-131-c4 position-relative\">\n              <!---->\n              <!---->\n              <div class=\"w-100 h-y-container h-column__content h-column__v-align flex-basis-100 align-self-lg-start align-self-md-start align-self-start\">\n                <!---->\n                <div data-colibri-id=\"131-c5\" class=\"d-block style-1338 style-local-131-c5 position-relative h-element\">\n                  <!---->\n                  <div class=\"h-image__frame-container-outer\">\n                    <a href=\"https:\/\/delneshin.de\/de\/\" h-use-smooth-scroll=\"true\" class=\"image-link\">\n                      <div class=\"h-image__frame-container\">\n                        <!---->\n                        <!---->\n                        <img loading=\"lazy\" decoding=\"async\" width=\"2316\" height=\"1278\" src=\"http:\/\/delneshin.de\/wp-content\/uploads\/2024\/04\/DelNeshin_01Bcut.png\" class=\"wp-image-16067 style-1338-image style-local-131-c5-image\" alt=\"\" srcset=\"https:\/\/delneshin.de\/wp-content\/uploads\/2024\/04\/DelNeshin_01Bcut.png 2316w, https:\/\/delneshin.de\/wp-content\/uploads\/2024\/04\/DelNeshin_01Bcut-300x166.png 300w, https:\/\/delneshin.de\/wp-content\/uploads\/2024\/04\/DelNeshin_01Bcut-1024x565.png 1024w, https:\/\/delneshin.de\/wp-content\/uploads\/2024\/04\/DelNeshin_01Bcut-768x424.png 768w, https:\/\/delneshin.de\/wp-content\/uploads\/2024\/04\/DelNeshin_01Bcut-1536x848.png 1536w, https:\/\/delneshin.de\/wp-content\/uploads\/2024\/04\/DelNeshin_01Bcut-2048x1130.png 2048w, https:\/\/delneshin.de\/wp-content\/uploads\/2024\/04\/DelNeshin_01Bcut-18x10.png 18w\" sizes=\"(max-width: 2316px) 100vw, 2316px\" \/>\n                        <div class=\"h-image__frame h-hide-lg h-hide-md h-hide-sm style-1338-frameImage style-local-131-c5-frameImage\"><\/div>\n                      <\/div>\n                    <\/a>\n                  <\/div>\n                <\/div>\n              <\/div>\n            <\/div>\n          <\/div>\n          <div class=\"h-column h-column-container d-flex h-col-lg-auto h-col-md-auto h-col-auto style-1339-outer style-local-131-c6-outer\">\n            <div data-colibri-id=\"131-c6\" class=\"d-flex h-flex-basis h-column__inner h-px-lg-2 h-px-md-2 h-px-2 v-inner-lg-2 v-inner-md-2 v-inner-2 style-1339 style-local-131-c6 position-relative\">\n              <!---->\n              <!---->\n              <div class=\"w-100 h-y-container h-column__content h-column__v-align flex-basis-100 align-self-lg-start align-self-md-start align-self-start\">\n                <!---->\n                <div data-colibri-id=\"131-c7\" class=\"h-global-transition-all h-heading style-1350 style-local-131-c7 position-relative h-element\">\n                  <!---->\n                  <div class=\"h-heading__outer style-1350 style-local-131-c7\">\n                    <!---->\n                    <!---->\n                    <h3 class=\"\">Impressum<\/h3>\n                  <\/div>\n                <\/div>\n                <div data-colibri-id=\"131-c8\" class=\"style-1357 style-local-131-c8 position-relative h-element\">\n                  <!---->\n                <\/div>\n                <div data-colibri-id=\"131-c9\" class=\"h-text h-text-component style-1352 style-local-131-c9 position-relative h-element\">\n                  <!---->\n                  <!---->\n                  <div class=\"\">\n                    <p>Del&#8217;Neshin<\/p>\n                  <\/div>\n                <\/div>\n                <div data-colibri-id=\"131-c10\" class=\"style-1358 style-local-131-c10 position-relative h-element\">\n                  <!---->\n                <\/div>\n                <div data-colibri-id=\"131-c11\" class=\"h-text h-text-component style-1354 style-local-131-c11 position-relative h-element\">\n                  <!---->\n                  <!---->\n                  <div class=\"\">\n                    <p>Saluki Zuchtst\u00e4tte f\u00fcr Sch\u00f6nheit und Leistung\n                      <br>\n                    <\/p>\n                  <\/div>\n                <\/div>\n                <div data-colibri-id=\"131-c12\" class=\"h-text h-text-component style-1376 style-local-131-c12 position-relative h-element\">\n                  <!---->\n                  <!---->\n                  <div class=\"\">\n                    <p>Eva Milani | Janika Buchwald<\/p>\n                  <\/div>\n                <\/div>\n                <div data-colibri-id=\"131-c13\" class=\"h-text h-text-component style-1377 style-local-131-c13 position-relative h-element\">\n                  <!---->\n                  <!---->\n                  <div class=\"\">\n                    <p>L\u00f6lsberg 28b<\/p>\n                  <\/div>\n                <\/div>\n                <div data-colibri-id=\"131-c14\" class=\"h-text h-text-component style-1377 style-local-131-c14 position-relative h-element\">\n                  <!---->\n                  <!---->\n                  <div class=\"\">\n                    <p>D &#8211; 51491 Overath | Germany<\/p>\n                  <\/div>\n                <\/div>\n                <div data-colibri-id=\"131-c15\" class=\"h-x-container style-1355 style-local-131-c15 position-relative h-element\">\n                  <!---->\n                  <div class=\"h-x-container-inner style-dynamic-131-c15-group style-1355-spacing style-local-131-c15-spacing\"><span class=\"h-link__outer style-1356-outer style-local-131-c16-outer d-inline-flex h-element\"><a h-use-smooth-scroll=\"true\" href=\"mailto:saluki@delneshin.de\"  data-colibri-id=\"131-c16\" class=\"d-flex w-100 align-items-center h-link style-1356 style-local-131-c16 position-relative\"><!----><!----> <span>saluki@delneshin.de<\/span><\/a>\n                    <\/span>\n                  <\/div>\n                <\/div>\n                <div data-colibri-id=\"131-c17\" class=\"h-text h-text-component style-1351 style-local-131-c17 position-relative h-element\">\n                  <!---->\n                  <!---->\n                  <div class=\"\">\n                    <p>\n                      <br>\n                    <\/p>\n                    <p>Mitglieder im DWZRV<\/p>\n                    <p>\n                      <br>\n                    <\/p>\n                  <\/div>\n                <\/div>\n                <div data-colibri-id=\"131-c18\" class=\"d-block style-1438 style-local-131-c18 position-relative h-element\">\n                  <!---->\n                  <div class=\"h-image__frame-container-outer\">\n                    <a href=\"https:\/\/www.windhundverband.de\/\" h-use-smooth-scroll=\"true\" class=\"image-link\">\n                      <div class=\"h-image__frame-container\">\n                        <!---->\n                        <!---->\n                        <img loading=\"lazy\" decoding=\"async\" width=\"1193\" height=\"472\" src=\"http:\/\/delneshin.de\/wp-content\/uploads\/2023\/05\/cropped-logo.png\" class=\"wp-image-5254 style-1438-image style-local-131-c18-image\" alt=\"\" srcset=\"https:\/\/delneshin.de\/wp-content\/uploads\/2023\/05\/cropped-logo.png 1193w, https:\/\/delneshin.de\/wp-content\/uploads\/2023\/05\/cropped-logo-300x119.png 300w, https:\/\/delneshin.de\/wp-content\/uploads\/2023\/05\/cropped-logo-1024x405.png 1024w, https:\/\/delneshin.de\/wp-content\/uploads\/2023\/05\/cropped-logo-768x304.png 768w, https:\/\/delneshin.de\/wp-content\/uploads\/2023\/05\/cropped-logo-18x7.png 18w\" sizes=\"(max-width: 1193px) 100vw, 1193px\" \/>\n                        <div class=\"h-image__frame h-hide-lg h-hide-md h-hide-sm style-1438-frameImage style-local-131-c18-frameImage\"><\/div>\n                      <\/div>\n                    <\/a>\n                  <\/div>\n                <\/div>\n                <div data-colibri-id=\"131-c19\" class=\"d-block style-1744 style-local-131-c19 position-relative h-element\">\n                  <!---->\n                  <div class=\"h-image__frame-container-outer\">\n                    <a href=\"https:\/\/www.vdh.de\/home\/\" h-use-smooth-scroll=\"true\" class=\"image-link\">\n                      <div class=\"h-image__frame-container\">\n                        <!---->\n                        <!---->\n                        <img loading=\"lazy\" decoding=\"async\" width=\"606\" height=\"420\" src=\"http:\/\/delneshin.de\/wp-content\/uploads\/2023\/06\/VDH.png\" class=\"wp-image-6399 style-1744-image style-local-131-c19-image\" alt=\"\" srcset=\"https:\/\/delneshin.de\/wp-content\/uploads\/2023\/06\/VDH.png 606w, https:\/\/delneshin.de\/wp-content\/uploads\/2023\/06\/VDH-300x208.png 300w, https:\/\/delneshin.de\/wp-content\/uploads\/2023\/06\/VDH-18x12.png 18w\" sizes=\"(max-width: 606px) 100vw, 606px\" \/>\n                        <div class=\"h-image__frame h-hide-lg h-hide-md h-hide-sm style-1744-frameImage style-local-131-c19-frameImage\"><\/div>\n                      <\/div>\n                    <\/a>\n                  <\/div>\n                <\/div>\n                <div data-colibri-id=\"131-c20\" class=\"d-block style-1745 style-local-131-c20 position-relative h-element\">\n                  <!---->\n                  <div class=\"h-image__frame-container-outer\">\n                    <a href=\"https:\/\/www.fci.be\/en\/\" h-use-smooth-scroll=\"true\" class=\"image-link\">\n                      <div class=\"h-image__frame-container\">\n                        <!---->\n                        <!---->\n                        <img loading=\"lazy\" decoding=\"async\" width=\"1916\" height=\"668\" src=\"http:\/\/delneshin.de\/wp-content\/uploads\/2023\/06\/cropped-cropped-FCI.png\" class=\"wp-image-6401 style-1745-image style-local-131-c20-image\" alt=\"\" srcset=\"https:\/\/delneshin.de\/wp-content\/uploads\/2023\/06\/cropped-cropped-FCI.png 1916w, https:\/\/delneshin.de\/wp-content\/uploads\/2023\/06\/cropped-cropped-FCI-300x105.png 300w, https:\/\/delneshin.de\/wp-content\/uploads\/2023\/06\/cropped-cropped-FCI-1024x357.png 1024w, https:\/\/delneshin.de\/wp-content\/uploads\/2023\/06\/cropped-cropped-FCI-768x268.png 768w, https:\/\/delneshin.de\/wp-content\/uploads\/2023\/06\/cropped-cropped-FCI-1536x536.png 1536w, https:\/\/delneshin.de\/wp-content\/uploads\/2023\/06\/cropped-cropped-FCI-18x6.png 18w\" sizes=\"(max-width: 1916px) 100vw, 1916px\" \/>\n                        <div class=\"h-image__frame h-hide-lg h-hide-md h-hide-sm style-1745-frameImage style-local-131-c20-frameImage\"><\/div>\n                      <\/div>\n                    <\/a>\n                  <\/div>\n                <\/div>\n                <div data-colibri-id=\"131-c21\" class=\"style-1340 style-local-131-c21 h-hide-sm position-relative h-element\">\n                  <!---->\n                <\/div>\n              <\/div>\n            <\/div>\n          <\/div>\n        <\/div>\n      <\/div>\n    <\/div>\n  <\/div>\n  <div data-colibri-component=\"section\" data-colibri-id=\"131-c22\" id=\"custom\" class=\"h-section h-section-global-spacing d-flex align-items-lg-center align-items-md-center align-items-center style-2786 style-local-131-c22 position-relative\">\n    <div class=\"background-wrapper\">\n      <div class=\"background-layer background-layer-media-container-lg\">\n        <div data-enabled=\"true\" data-colibri-component=\"parallax\" class=\"background-layer paraxify\" style=\"background-image: url(&quot;http:\/\/delneshin.de\/wp-content\/uploads\/2023\/04\/DelNeshin_iv03b03-scaled.jpg&quot;); background-position: center center;\"\n          model-id=\"131-c22\" media=\"desktop\" is-preview=\"true\">\n          <div class=\"resize-triggers\">\n            <div class=\"expand-trigger\">\n              <div style=\"width: 1px; height: 1px;\"><\/div>\n            <\/div>\n            <div class=\"contract-trigger\"><\/div>\n          <\/div>\n        <\/div>\n        <div class=\"overlay-layer\">\n          <div class=\"overlay-image-layer\" style=\"background-color: rgb(217, 217, 204); opacity: 0.15;\"><\/div>\n        <\/div>\n      <\/div>\n      <div class=\"background-layer background-layer-media-container-md\">\n        <div data-enabled=\"true\" data-colibri-component=\"parallax\" class=\"background-layer paraxify\" style=\"background-image: url(&quot;http:\/\/delneshin.de\/wp-content\/uploads\/2023\/04\/DelNeshin_iv03b03-scaled.jpg&quot;); background-position: center center;\"\n          model-id=\"131-c22\" media=\"tablet\" is-preview=\"true\">\n          <div class=\"resize-triggers\">\n            <div class=\"expand-trigger\">\n              <div style=\"width: 1px; height: 1px;\"><\/div>\n            <\/div>\n            <div class=\"contract-trigger\"><\/div>\n          <\/div>\n        <\/div>\n        <div class=\"overlay-layer\">\n          <div class=\"overlay-image-layer\" style=\"background-color: rgb(217, 217, 204); opacity: 0.15;\"><\/div>\n        <\/div>\n      <\/div>\n      <div class=\"background-layer background-layer-media-container\">\n        <div data-enabled=\"true\" data-colibri-component=\"parallax\" class=\"background-layer paraxify\" style=\"background-image: url(&quot;http:\/\/delneshin.de\/wp-content\/uploads\/2023\/04\/DelNeshin_iv03b03-scaled.jpg&quot;); background-position: center center;\"\n          model-id=\"131-c22\" media=\"mobile\" is-preview=\"true\">\n          <div class=\"resize-triggers\">\n            <div class=\"expand-trigger\">\n              <div style=\"width: 1px; height: 1px;\"><\/div>\n            <\/div>\n            <div class=\"contract-trigger\"><\/div>\n          <\/div>\n        <\/div>\n        <div class=\"overlay-layer\">\n          <div class=\"overlay-image-layer\" style=\"background-color: rgb(217, 217, 204); opacity: 0.15;\"><\/div>\n        <\/div>\n      <\/div>\n    <\/div>\n    <!---->\n    <div class=\"h-section-grid-container h-section-boxed-container\">\n      <!---->\n      <div data-colibri-id=\"131-c23\" class=\"h-row-container gutters-row-lg-0 gutters-row-md-0 gutters-row-0 gutters-row-v-lg-0 gutters-row-v-md-0 gutters-row-v-0 style-7699 style-local-131-c23 position-relative\">\n        <!---->\n        <div class=\"h-row justify-content-lg-center justify-content-md-center justify-content-center align-items-lg-stretch align-items-md-stretch align-items-stretch gutters-col-lg-0 gutters-col-md-0 gutters-col-0 gutters-col-v-lg-0 gutters-col-v-md-0 gutters-col-v-0\">\n          <!---->\n          <div class=\"h-column h-column-container d-flex h-col-lg-auto h-col-md-auto h-col-auto style-7700-outer style-local-131-c24-outer\">\n            <div data-colibri-id=\"131-c24\" class=\"d-flex h-flex-basis h-column__inner h-px-lg-0 h-px-md-0 h-px-0 v-inner-lg-0 v-inner-md-0 v-inner-0 style-7700 style-local-131-c24 position-relative\">\n              <!---->\n              <!---->\n              <div class=\"w-100 h-y-container h-column__content h-column__v-align flex-basis-100 align-self-lg-start align-self-md-start align-self-start\">\n                <!---->\n                <div data-colibri-id=\"131-c25\" data-aos=\"fadeIn\" class=\"d-block style-7698 style-local-131-c25 position-relative h-element\">\n                  <!---->\n                  <div class=\"h-image__frame-container-outer\">\n                    <div class=\"h-image__frame-container\">\n                      <!---->\n                      <!---->\n                      <img loading=\"lazy\" decoding=\"async\" width=\"1500\" height=\"1435\" src=\"http:\/\/delneshin.de\/wp-content\/uploads\/2025\/10\/Geliebt03f04c.png\" class=\"wp-image-25006 style-7698-image style-local-131-c25-image\" alt=\"\" srcset=\"https:\/\/delneshin.de\/wp-content\/uploads\/2025\/10\/Geliebt03f04c.png 1500w, https:\/\/delneshin.de\/wp-content\/uploads\/2025\/10\/Geliebt03f04c-300x287.png 300w, https:\/\/delneshin.de\/wp-content\/uploads\/2025\/10\/Geliebt03f04c-1024x980.png 1024w, https:\/\/delneshin.de\/wp-content\/uploads\/2025\/10\/Geliebt03f04c-768x735.png 768w, https:\/\/delneshin.de\/wp-content\/uploads\/2025\/10\/Geliebt03f04c-13x12.png 13w\" sizes=\"(max-width: 1500px) 100vw, 1500px\" \/>\n                      <div class=\"h-image__frame h-hide-lg h-hide-md h-hide-sm style-7698-frameImage style-local-131-c25-frameImage\"><\/div>\n                    <\/div>\n                  <\/div>\n                <\/div>\n              <\/div>\n            <\/div>\n          <\/div>\n        <\/div>\n      <\/div>\n    <\/div>\n  <\/div>\n<\/div>","protected":false},"excerpt":{"rendered":"<p>Impressum Del&#8217;Neshin Saluki kennel for beautty and performance Eva Milani | Janika Buchwald L\u00f6lsberg 28b D &#8211; 51491 Overath | Germany saluki@delneshin.de Mitglieder im DWZRV<\/p>","protected":false},"author":1,"featured_media":0,"parent":0,"menu_order":0,"comment_status":"closed","ping_status":"closed","template":"page-templates\/full-width-page.php","meta":{"footnotes":""},"_links":{"self":[{"href":"https:\/\/delneshin.de\/de\/wp-json\/wp\/v2\/pages\/131"}],"collection":[{"href":"https:\/\/delneshin.de\/de\/wp-json\/wp\/v2\/pages"}],"about":[{"href":"https:\/\/delneshin.de\/de\/wp-json\/wp\/v2\/types\/page"}],"author":[{"embeddable":true,"href":"https:\/\/delneshin.de\/de\/wp-json\/wp\/v2\/users\/1"}],"replies":[{"embeddable":true,"href":"https:\/\/delneshin.de\/de\/wp-json\/wp\/v2\/comments?post=131"}],"version-history":[{"count":20,"href":"https:\/\/delneshin.de\/de\/wp-json\/wp\/v2\/pages\/131\/revisions"}],"predecessor-version":[{"id":25546,"href":"https:\/\/delneshin.de\/de\/wp-json\/wp\/v2\/pages\/131\/revisions\/25546"}],"wp:attachment":[{"href":"https:\/\/delneshin.de\/de\/wp-json\/wp\/v2\/media?parent=131"}],"curies":[{"name":"wp","href":"https:\/\/api.w.org\/{rel}","templated":true}]}}