{"id":4930,"date":"2023-04-28T14:20:15","date_gmt":"2023-04-28T13:20:15","guid":{"rendered":"https:\/\/delneshin.de\/?page_id=4930"},"modified":"2023-05-08T11:58:45","modified_gmt":"2023-05-08T10:58:45","slug":"datenschutzerklarung","status":"publish","type":"page","link":"https:\/\/delneshin.de\/de\/datenschutzerklarung\/","title":{"rendered":"Datenschutzerkl\u00e4rung"},"content":{"rendered":"<div data-colibri-id=\"4930-c1\" class=\"style-1378 style-local-4930-c1 position-relative\">\n  <!---->\n  <div data-colibri-component=\"section\" data-colibri-id=\"4930-c2\" data-aos=\"fadeIn\" id=\"custom\" class=\"h-section h-section-global-spacing d-flex align-items-lg-center align-items-md-center align-items-center style-1379 style-local-4930-c2 position-relative\">\n    <!---->\n    <!---->\n    <div class=\"h-section-grid-container h-section-boxed-container\">\n      <!---->\n      <div data-colibri-id=\"4930-c3\" class=\"h-row-container gutters-row-lg-2 gutters-row-md-2 gutters-row-0 gutters-row-v-lg-2 gutters-row-v-md-2 gutters-row-v-2 style-1380 style-local-4930-c3 position-relative\">\n        <!---->\n        <div class=\"h-row justify-content-lg-center justify-content-md-center justify-content-center align-items-lg-stretch align-items-md-stretch align-items-stretch gutters-col-lg-2 gutters-col-md-2 gutters-col-0 gutters-col-v-lg-2 gutters-col-v-md-2 gutters-col-v-2\">\n          <!---->\n          <div class=\"h-column h-column-container d-flex h-col-lg-auto h-col-md-auto h-col-auto style-1381-outer style-local-4930-c4-outer\">\n            <div data-colibri-id=\"4930-c4\" class=\"d-flex h-flex-basis h-column__inner h-px-lg-2 h-px-md-2 h-px-2 v-inner-lg-2 v-inner-md-2 v-inner-2 style-1381 style-local-4930-c4 position-relative\">\n              <!---->\n              <!---->\n              <div class=\"w-100 h-y-container h-column__content h-column__v-align flex-basis-100 align-self-lg-start align-self-md-start align-self-start\">\n                <!---->\n                <div data-colibri-id=\"4930-c5\" class=\"h-global-transition-all h-heading style-1383 style-local-4930-c5 position-relative h-element\">\n                  <!---->\n                  <div class=\"h-heading__outer style-1383 style-local-4930-c5\">\n                    <!---->\n                    <!---->\n                    <h1 class=\"\">Datenschutz<\/h1>\n                  <\/div>\n                <\/div>\n                <div data-colibri-id=\"4930-c6\" class=\"h-text h-text-component style-1382 style-local-4930-c6 position-relative h-element\">\n                  <!---->\n                  <!---->\n                  <div class=\"\">\n                    <h1>Ihre Betroffenenrechte<\/h1>\n                    <p>Unter den angegebenen Kontaktdaten unseres Datenschutzbeauftragten k\u00f6nnen Sie jederzeit folgende Rechte aus\u00fcben:<\/p>\n                    <ul>\n                      <li>Auskunft \u00fcber Ihre bei uns gespeicherten Daten und deren Verarbeitung (Art. 15 DSGVO),<\/li>\n                      <li>Berichtigung unrichtiger personenbezogener Daten (Art. 16 DSGVO),<\/li>\n                      <li>L\u00f6schung Ihrer bei uns gespeicherten Daten (Art. 17 DSGVO),<\/li>\n                      <li>Einschr\u00e4nkung der Datenverarbeitung, sofern wir Ihre Daten aufgrund gesetzlicher Pflichten noch nicht l\u00f6schen d\u00fcrfen (Art. 18 DSGVO),<\/li>\n                      <li>Widerspruch gegen die Verarbeitung Ihrer Daten bei uns (Art. 21 DSGVO) und<\/li>\n                      <li>Daten\u00fcbertragbarkeit, sofern Sie in die Datenverarbeitung eingewilligt haben oder einen Vertrag mit uns abgeschlossen haben (Art. 20 DSGVO).<\/li>\n                    <\/ul>\n                    <p>Sofern Sie uns eine Einwilligung erteilt haben, k\u00f6nnen Sie diese jederzeit mit Wirkung f\u00fcr die Zukunft widerrufen.<\/p>\n                    <p>Sie k\u00f6nnen sich jederzeit mit einer Beschwerde an eine Aufsichtsbeh\u00f6rde wenden, z. B. an die zust\u00e4ndige Aufsichtsbeh\u00f6rde des Bundeslands Ihres Wohnsitzes oder an die f\u00fcr uns als verantwortliche Stelle zust\u00e4ndige Beh\u00f6rde.<\/p>\n                    <p>Eine Liste der Aufsichtsbeh\u00f6rden (f\u00fcr den nicht\u00f6ffentlichen Bereich) mit Anschrift finden Sie unter:\n                      <a href=\"https:\/\/www.bfdi.bund.de\/DE\/Infothek\/Anschriften_Links\/anschriften_links-node.html\" target=\"_blank\" rel=\"nofollow noopener\" class=\"customize-unpreviewable\" draggable=\"false\">https:\/\/www.bfdi.bund.de\/DE\/Infothek\/Anschriften_Links\/anschriften_links-node.html<\/a>.<\/p>\n                    <h1>Erfassung allgemeiner Informationen beim Besuch unserer Website<\/h1>\n                    <h5>Art und Zweck der Verarbeitung:<\/h5>\n                    <p>Wenn Sie auf unsere Website zugreifen, d.h., wenn Sie sich nicht registrieren oder anderweitig Informationen \u00fcbermitteln, werden automatisch Informationen allgemeiner Natur erfasst. Diese Informationen (Server-Logfiles) beinhalten\n                      etwa die Art des Webbrowsers, das verwendete Betriebssystem, den Domainnamen Ihres Internet-Service-Providers, Ihre IP-Adresse und \u00e4hnliches.<\/p>\n                    <p>Sie werden insbesondere zu folgenden Zwecken verarbeitet:<\/p>\n                    <ul>\n                      <li>Sicherstellung eines problemlosen Verbindungsaufbaus der Website,<\/li>\n                      <li>Sicherstellung einer reibungslosen Nutzung unserer Website,<\/li>\n                      <li>Auswertung der Systemsicherheit und -stabilit\u00e4t sowie<\/li>\n                      <li>zu weiteren administrativen Zwecken.<\/li>\n                    <\/ul>\n                    <p>Wir verwenden Ihre Daten nicht, um R\u00fcckschl\u00fcsse auf Ihre Person zu ziehen. Informationen dieser Art werden von uns ggfs. statistisch ausgewertet, um unseren Internetauftritt und die dahinterstehende Technik zu optimieren.<\/p>\n                    <h5>Rechtsgrundlage:<\/h5>\n                    <p>Die Verarbeitung erfolgt gem\u00e4\u00df Art. 6 Abs. 1 lit. f DSGVO auf Basis unseres berechtigten Interesses an der Verbesserung der Stabilit\u00e4t und Funktionalit\u00e4t unserer Website.<\/p>\n                    <h5>Empf\u00e4nger:<\/h5>\n                    <p>Empf\u00e4nger der Daten sind ggf. technische Dienstleister, die f\u00fcr den Betrieb und die Wartung unserer Webseite als Auftragsverarbeiter t\u00e4tig werden.<\/p>\n                    <h5>Speicherdauer:<\/h5>\n                    <p>Die Daten werden gel\u00f6scht, sobald diese f\u00fcr den Zweck der Erhebung nicht mehr erforderlich sind. Dies ist f\u00fcr die Daten, die der Bereitstellung der Webseite dienen, grunds\u00e4tzlich der Fall, wenn die jeweilige Sitzung beendet ist.<\/p>\n                    <h5>Bereitstellung vorgeschrieben oder erforderlich:<\/h5>\n                    <p>Die Bereitstellung der vorgenannten personenbezogenen Daten ist weder gesetzlich noch vertraglich vorgeschrieben. Ohne die IP-Adresse ist jedoch der Dienst und die Funktionsf\u00e4higkeit unserer Website nicht gew\u00e4hrleistet. Zudem k\u00f6nnen\n                      einzelne Dienste und Services nicht verf\u00fcgbar oder eingeschr\u00e4nkt sein. Aus diesem Grund ist ein Widerspruch ausgeschlossen.<\/p>\n                    <h1>Verwendung von Google Analytics<\/h1>\n                    <h5>Art und Zweck der Verarbeitung:<\/h5>\n                    <p>Diese Website benutzt Google Analytics, einen Webanalysedienst der Google LLC, 1600 Amphitheatre Parkway, Mountain View, CA 94043 USA (nachfolgend: \u201eGoogle\u201c). Google Analytics verwendet sog. \u201eCookies\u201c, also Textdateien, die auf Ihrem\n                      Computer gespeichert werden und die eine Analyse der Benutzung der Webseite durch Sie erm\u00f6glichen. Die durch das Cookie erzeugten Informationen \u00fcber Ihre Benutzung dieser Webseite werden in der Regel an einen Server von Google in\n                      den USA \u00fcbertragen und dort gespeichert. Aufgrund der Aktivierung der IP-Anonymisierung auf diesen Webseiten, wird Ihre IP-Adresse von Google jedoch innerhalb von Mitgliedstaaten der Europ\u00e4ischen Union oder in anderen Vertragsstaaten\n                      des Abkommens \u00fcber den Europ\u00e4ischen Wirtschaftsraum zuvor gek\u00fcrzt. Nur in Ausnahmef\u00e4llen wird die volle IP-Adresse an einen Server von Google in den USA \u00fcbertragen und dort gek\u00fcrzt. Im Auftrag des Betreibers dieser Website wird Google\n                      diese Informationen benutzen, um Ihre Nutzung der Webseite auszuwerten, um Reports \u00fcber die Webseitenaktivit\u00e4ten zusammenzustellen und um weitere mit der Websitenutzung und der Internetnutzung verbundene Dienstleistungen gegen\u00fcber\n                      dem Webseitenbetreiber zu erbringen. Die im Rahmen von Google Analytics von Ihrem Browser \u00fcbermittelte IP-Adresse wird nicht mit anderen Daten von Google zusammengef\u00fchrt.<\/p>\n                    <p>Die Zwecke der Datenverarbeitung liegen in der Auswertung der Nutzung der Website und in der Zusammenstellung von Reports \u00fcber Aktivit\u00e4ten auf der Website. Auf Grundlage der Nutzung der Website und des Internets sollen dann weitere\n                      verbundene Dienstleistungen erbracht werden.<\/p>\n                    <h5>Rechtsgrundlage:<\/h5>\n                    <p>Die Verarbeitung der Daten erfolgt auf Grundlage einer Einwilligung des Nutzers (Art. 6 Abs. 1 lit. a DSGVO).<\/p>\n                    <h5>Empf\u00e4nger:<\/h5>\n                    <p>Empf\u00e4nger der Daten ist Google als Auftragsverarbeiter. Hierf\u00fcr haben wir mit Google den entsprechenden Auftragsverarbeitungsvertrag abgeschlossen.<\/p>\n                    <h5>Speicherdauer:<\/h5>\n                    <p>Die L\u00f6schung der Daten erfolgt, sobald diese f\u00fcr unsere Aufzeichnungszwecke nicht mehr erforderlich sind.<\/p>\n                    <h5>Drittlandtransfer:<\/h5>\n                    <p>Google verarbeitet Ihre Daten in den USA und hat sich dem EU_US Privacy Shield unterworfen\n                      <a href=\"https:\/\/www.privacyshield.gov\/EU-US-Framework\" class=\"customize-unpreviewable\" draggable=\"false\">https:\/\/www.privacyshield.gov\/EU-US-Framework<\/a>.<\/p>\n                    <h5>Bereitstellung vorgeschrieben oder erforderlich:<\/h5>\n                    <p>Die Bereitstellung Ihrer personenbezogenen Daten erfolgt freiwillig, allein auf Basis Ihrer Einwilligung. Sofern Sie den Zugriff unterbinden, kann es hierdurch zu Funktionseinschr\u00e4nkungen auf der Website kommen.<\/p>\n                    <h5>Widerruf der Einwilligung:<\/h5>\n                    <p>Sie k\u00f6nnen die Speicherung der Cookies durch eine entsprechende Einstellung Ihrer Browser-Software verhindern; wir weisen Sie jedoch darauf hin, dass Sie in diesem Fall gegebenenfalls nicht s\u00e4mtliche Funktionen dieser Website vollumf\u00e4nglich\n                      werden nutzen k\u00f6nnen. Sie k\u00f6nnen dar\u00fcber hinaus die Erfassung der durch das Cookie erzeugten und auf Ihre Nutzung der Webseite bezogenen Daten (inkl. Ihrer IP-Adresse) an Google sowie die Verarbeitung dieser Daten durch Google verhindern,\n                      indem sie das unter dem folgenden Link verf\u00fcgbare Browser-Plugin herunterladen und installieren:\n                      <a href=\"http:\/\/tools.google.com\/dlpage\/gaoptout?hl=de\" class=\"customize-unpreviewable\" draggable=\"false\">Browser Add On zur Deaktivierung von Google Analytics<\/a>.<\/p>\n                    <p>Zus\u00e4tzlich oder als Alternative zum Browser-Add-On k\u00f6nnen Sie das Tracking durch Google Analytics auf unseren Seiten unterbinden, indem Sie\n                      <a href=\"https:\/\/www.m3-konzept.com\/index.php\/kontakt\/datenschutzerklaerung\" class=\"customize-unpreviewable\"\n                        draggable=\"false\">diesen Link anklicken<\/a>. Dabei wird ein Opt-out-Cookie auf Ihrem Ger\u00e4t installiert. Damit wird die Erfassung durch Google Analytics f\u00fcr diese Website und f\u00fcr diesen Browser zuk\u00fcnftig verhindert, so lange das Cookie in Ihrem Browser\n                      installiert bleibt.<\/p>\n                    <h5>Profiling:<\/h5>\n                    <p>Mit Hilfe des Tracking-Tools Google Analytics kann das Verhalten der Besucher der Webseite bewertet und die Interessen analysiert werden. Hierzu erstellen wir ein pseudonymes Nutzerprofil.<\/p>\n                    <h1>Verwendung von Scriptbibliotheken (Google Webfonts)<\/h1>\n                    <h5>Art und Zweck der Verarbeitung:<\/h5>\n                    <p>Um unsere Inhalte browser\u00fcbergreifend korrekt und grafisch ansprechend darzustellen, verwenden wir auf dieser Website \u201eGoogle Web Fonts\u201c der Google LLC (1600 Amphitheatre Parkway, Mountain View, CA 94043, USA; nachfolgend \u201eGoogle\u201c)\n                      zur Darstellung von Schriften.<\/p>\n                    <p>Die Datenschutzrichtlinie des Bibliothekbetreibers Google finden Sie hier:\n                      <a href=\"https:\/\/www.google.com\/policies\/privacy\" class=\"customize-unpreviewable\" draggable=\"false\">https:\/\/www.google.com\/policies\/privacy\/<\/a>\n                    <\/p>\n                    <h5>Rechtsgrundlage:<\/h5>\n                    <p>Rechtsgrundlage f\u00fcr die Einbindung von Google Webfonts und dem damit verbundenen Datentransfer zu Google ist Ihre Einwilligung (Art. 6 Abs. 1 lit. a DSGVO).<\/p>\n                    <h5>Empf\u00e4nger:<\/h5>\n                    <p>Der Aufruf von Scriptbibliotheken oder Schriftbibliotheken l\u00f6st automatisch eine Verbindung zum Betreiber der Bibliothek aus. Dabei ist es theoretisch m\u00f6glich \u2013 aktuell allerdings auch unklar ob und ggf. zu welchen Zwecken \u2013 dass der\n                      Betreiber in diesem Fall Google Daten erhebt.<\/p>\n                    <h5>Speicherdauer:<\/h5>\n                    <p>Wir erheben keine personenbezogenen Daten, durch die Einbindung von Google Webfonts.<\/p>\n                    <p>Weitere Informationen zu Google Web Fonts finden Sie unter\n                      <a href=\"https:\/\/developers.google.com\/fonts\/faq\" class=\"customize-unpreviewable\" draggable=\"false\">https:\/\/developers.google.com\/fonts\/faq<\/a> und in der Datenschutzerkl\u00e4rung von Google:\n                      <a href=\"https:\/\/www.google.com\/policies\/privacy\" class=\"customize-unpreviewable\" draggable=\"false\">https:\/\/www.google.com\/policies\/privacy\/<\/a>.<\/p>\n                    <h5>Drittlandtransfer:<\/h5>\n                    <p>Google verarbeitet Ihre Daten in den USA und hat sich dem EU_US Privacy Shield unterworfen\n                      <a href=\"https:\/\/www.privacyshield.gov\/EU-US-Framework\" class=\"customize-unpreviewable\" draggable=\"false\">https:\/\/www.privacyshield.gov\/EU-US-Framework<\/a>.<\/p>\n                    <h5>Bereitstellung vorgeschrieben oder erforderlich:<\/h5>\n                    <p>Die Bereitstellung der personenbezogenen Daten ist weder gesetzlich, noch vertraglich vorgeschrieben. Allerdings kann ggfs. die korrekte Darstellung der Inhalte durch Standardschriften nicht m\u00f6glich sein.<\/p>\n                    <h5>Widerruf der Einwilligung:<\/h5>\n                    <p>Zur Darstellung der Inhalte wird regelm\u00e4\u00dfig die Programmiersprache JavaScript verwendet. Sie k\u00f6nnen der Datenverarbeitung daher widersprechen, indem Sie die Ausf\u00fchrung von JavaScript in Ihrem Browser deaktivieren oder einen JavaScript-Blocker\n                      installieren. Bitte beachten Sie, dass es hierdurch zu Funktionseinschr\u00e4nkungen auf der Website kommen kann.<\/p>\n                    <h1>Verwendung von Google Maps<\/h1>\n                    <h5>Art und Zweck der Verarbeitung:<\/h5>\n                    <p>Auf dieser Webseite nutzen wir das Angebot von Google Maps. Google Maps wird von Google LLC, 1600 Amphitheatre Parkway, Mountain View, CA 94043, USA (nachfolgend \u201eGoogle\u201c) betrieben. Dadurch k\u00f6nnen wir Ihnen interaktive Karten direkt\n                      in der Webseite anzeigen und erm\u00f6glichen Ihnen die komfortable Nutzung der Karten-Funktion.<\/p>\n                    <p>N\u00e4here Informationen \u00fcber die Datenverarbeitung durch Google k\u00f6nnen Sie\n                      <a href=\"http:\/\/www.google.com\/privacypolicy.html\" class=\"customize-unpreviewable\" draggable=\"false\">den Google-Datenschutzhinweisen<\/a> entnehmen. Dort k\u00f6nnen Sie im Datenschutzcenter auch Ihre pers\u00f6nlichen Datenschutz-Einstellungen ver\u00e4ndern.<\/p>\n                    <p>Ausf\u00fchrliche Anleitungen zur Verwaltung der eigenen Daten im Zusammenhang mit Google-Produkten\n                      <a href=\"http:\/\/www.dataliberation.org\" class=\"customize-unpreviewable\" draggable=\"false\"> finden Sie hier<\/a>.<\/p>\n                    <h5>Rechtsgrundlage:<\/h5>\n                    <p>Rechtsgrundlage f\u00fcr die Einbindung von Google Maps und dem damit verbundenen Datentransfer zu Google ist Ihre Einwilligung (Art. 6 Abs. 1 lit. a DSGVO).<\/p>\n                    <h5>Empf\u00e4nger:<\/h5>\n                    <p>Durch den Besuch der Webseite erh\u00e4lt Google Informationen, dass Sie die entsprechende Unterseite unserer Webseite aufgerufen haben. Dies erfolgt unabh\u00e4ngig davon, ob Google ein Nutzerkonto bereitstellt, \u00fcber das Sie eingeloggt sind,\n                      oder ob keine Nutzerkonto besteht. Wenn Sie bei Google eingeloggt sind, werden Ihre Daten direkt Ihrem Konto zugeordnet.<\/p>\n                    <p>Wenn Sie die Zuordnung in Ihrem Profil bei Google nicht w\u00fcnschen, m\u00fcssen Sie sich vor Aktivierung des Buttons bei Google ausloggen. Google speichert Ihre Daten als Nutzungsprofile und nutzt sie f\u00fcr Zwecke der Werbung, Marktforschung\n                      und\/oder bedarfsgerechter Gestaltung seiner Webseite. Eine solche Auswertung erfolgt insbesondere (selbst f\u00fcr nicht eingeloggte Nutzer) zur Erbringung bedarfsgerechter Werbung und um andere Nutzer des sozialen Netzwerks \u00fcber Ihre\n                      Aktivit\u00e4ten auf unserer Webseite zu informieren. Ihnen steht ein Widerspruchsrecht zu gegen die Bildung dieser Nutzerprofile, wobei Sie sich zur Aus\u00fcbung dessen an Google richten m\u00fcssen.<\/p>\n                    <h5>Speicherdauer:<\/h5>\n                    <p>Wir erheben keine personenbezogenen Daten, durch die Einbindung von Google Maps.<\/p>\n                    <h5>Drittlandtransfer:<\/h5>\n                    <p>Google verarbeitet Ihre Daten in den USA und hat sich dem EU_US Privacy Shield unterworfen\n                      <a href=\"https:\/\/www.privacyshield.gov\/EU-US-Framework\" class=\"customize-unpreviewable\" draggable=\"false\">https:\/\/www.privacyshield.gov\/EU-US-Framework<\/a>.<\/p>\n                    <h5>Widerruf der Einwilligung:<\/h5>\n                    <p>Wenn Sie nicht m\u00f6chten, dass Google \u00fcber unseren Internetauftritt Daten \u00fcber Sie erhebt, verarbeitet oder nutzt, k\u00f6nnen Sie in Ihrem Browsereinstellungen JavaScript deaktivieren. In diesem Fall k\u00f6nnen Sie unsere Webseite jedoch nicht\n                      oder nur eingeschr\u00e4nkt nutzen.<\/p>\n                    <h5>Bereitstellung vorgeschrieben oder erforderlich:<\/h5>\n                    <p>Die Bereitstellung Ihrer personenbezogenen Daten erfolgt freiwillig, allein auf Basis Ihrer Einwilligung. Sofern Sie den Zugriff unterbinden, kann es hierdurch zu Funktionseinschr\u00e4nkungen auf der Website kommen.<\/p>\n                    <h1>Google AdWords<\/h1>\n                    <h5>Art und Zweck der Verarbeitung:<\/h5>\n                    <p>Unsere Webseite nutzt das Google Conversion-Tracking. Betreibergesellschaft der Dienste von Google AdWords ist die Google LLC, 1600 Amphitheatre Parkway, Mountain View, CA 94043, USA. Sind Sie \u00fcber eine von Google geschaltete Anzeige\n                      auf unsere Webseite gelangt, wird von Google Adwords ein Cookie auf Ihrem Rechner gesetzt. Das Cookie f\u00fcr Conversion-Tracking wird gesetzt, wenn ein Nutzer auf eine von Google geschaltete Anzeige klickt.<\/p>\n                    <p>Besucht der Nutzer bestimmte Seiten unserer Website und das Cookie ist noch nicht abgelaufen, k\u00f6nnen wir und Google erkennen, dass der Nutzer auf die Anzeige geklickt hat und zu dieser Seite weitergeleitet wurde. Jeder Google AdWords-Kunde\n                      erh\u00e4lt ein anderes Cookie. Cookies k\u00f6nnen somit nicht \u00fcber die Websites von AdWords-Kunden nachverfolgt werden. Die mithilfe des Conversion-Cookies eingeholten Informationen dienen dazu, Conversion-Statistiken f\u00fcr AdWords-Kunden\n                      zu erstellen, die sich f\u00fcr Conversion-Tracking entschieden haben. Die Kunden erfahren die Gesamtanzahl der Nutzer, die auf ihre Anzeige geklickt haben und zu einer mit einem Conversion-Tracking-Tag versehenen Seite weitergeleitet\n                      wurden. Sie erhalten jedoch keine Informationen, mit denen sich Nutzer pers\u00f6nlich identifizieren lassen.<\/p>\n                    <h5>Rechtsgrundlage:<\/h5>\n                    <p>Rechtsgrundlage f\u00fcr die Einbindung von Google AdWords und dem damit verbundenen Datentransfer zu Google ist Ihre Einwilligung (Art. 6 Abs. 1 lit. a DSGVO).<\/p>\n                    <h5>Empf\u00e4nger:<\/h5>\n                    <p>Bei jedem Besuch unsere Webseite werden personenbezogene Daten, einschlie\u00dflich Ihrer IP-Adresse an Google in die USA \u00fcbertragen. Diese personenbezogenen Daten werden durch Google gespeichert. Google gibt diese \u00fcber das technische Verfahren\n                      erhobenen personenbezogenen Daten unter Umst\u00e4nden an Dritte weiter.<\/p>\n                    <p>Unser Unternehmen enth\u00e4lt keine Informationen von Google, mittels derer die betroffene Person identifiziert werden k\u00f6nnte.<\/p>\n                    <h5>Speicherdauer:<\/h5>\n                    <p>Diese Cookies verlieren nach 30 Tagen ihre G\u00fcltigkeit und dienen nicht der pers\u00f6nlichen Identifizierung.<\/p>\n                    <h5>Drittlandtransfer:<\/h5>\n                    <p>Google verarbeitet Ihre Daten in den USA und hat sich dem EU_US Privacy Shield unterworfen\n                      <a href=\"https:\/\/www.privacyshield.gov\/EU-US-Framework\" class=\"customize-unpreviewable\" draggable=\"false\">https:\/\/www.privacyshield.gov\/EU-US-Framework<\/a>.<\/p>\n                    <h5>Widerruf der Einwilligung:<\/h5>\n                    <p>M\u00f6chten Sie nicht am Tracking teilnehmen, k\u00f6nnen Sie das hierf\u00fcr erforderliche Setzen eines Cookies ablehnen \u2013 etwa per Browser-Einstellung, die das automatische Setzen von Cookies generell deaktiviert oder Ihren Browser so einstellen,\n                      dass Cookies von der Domain \u201egoogleleadservices.com\u201c blockiert werden.<\/p>\n                    <p>Bitte beachten Sie, dass Sie die Opt-out-Cookies nicht l\u00f6schen d\u00fcrfen, solange Sie keine Aufzeichnung von Messdaten w\u00fcnschen. Haben Sie alle Ihre Cookies im Browser gel\u00f6scht, m\u00fcssen Sie das jeweilige Opt-out Cookie erneut setzen.<\/p>\n                    <h5>Bereitstellung vorgeschrieben oder erforderlich:<\/h5>\n                    <p>Die Bereitstellung Ihrer personenbezogenen Daten erfolgt freiwillig, allein auf Basis Ihrer Einwilligung. Sofern Sie den Zugriff unterbinden, kann es hierdurch zu Funktionseinschr\u00e4nkungen auf der Website kommen.<\/p>\n                    <h1>SSL-Verschl\u00fcsselung<\/h1>\n                    <p>Um die Sicherheit Ihrer Daten bei der \u00dcbertragung zu sch\u00fctzen, verwenden wir dem aktuellen Stand der Technik entsprechende Verschl\u00fcsselungsverfahren (z. B. SSL) \u00fcber HTTPS.<\/p>\n                    <h1>\u00c4nderung unserer Datenschutzbestimmungen<\/h1>\n                    <p>Wir behalten uns vor, diese Datenschutzerkl\u00e4rung anzupassen, damit sie stets den aktuellen rechtlichen Anforderungen entspricht oder um \u00c4nderungen unserer Leistungen in der Datenschutzerkl\u00e4rung umzusetzen, z.B. bei der Einf\u00fchrung neuer\n                      Services. F\u00fcr Ihren erneuten Besuch gilt dann die neue Datenschutzerkl\u00e4rung.<\/p>\n                    <h1>Fragen an den Datenschutzbeauftragten<\/h1>\n                    <p>Wenn Sie Fragen zum Datenschutz haben, schreiben Sie uns bitte eine E-Mail oder wenden Sie sich direkt an die f\u00fcr den Datenschutz verantwortliche Person in unserer Organisation:<\/p>\n                    <p>Die Datenschutzerkl\u00e4rung wurde mithilfe der activeMind AG erstellt, den Experten f\u00fcr\n                      <a href=\"https:\/\/www.activemind.de\/datenschutz\/datenschutzhinweis-generator\" target=\"_blank\" rel=\"noopener noreferrer\" class=\"customize-unpreviewable\" draggable=\"false\"><strong>externe Datenschutzbeauftragte<\/strong><\/a> (Version #2019-04-10).<\/p>\n                  <\/div>\n                <\/div>\n              <\/div>\n            <\/div>\n          <\/div>\n        <\/div>\n      <\/div>\n    <\/div>\n  <\/div>\n<\/div>","protected":false},"excerpt":{"rendered":"<p>Datenschutz Ihre Betroffenenrechte Unter den angegebenen Kontaktdaten unseres Datenschutzbeauftragten k\u00f6nnen Sie jederzeit folgende Rechte aus\u00fcben: Auskunft \u00fcber Ihre bei uns gespeicherten Daten und deren Verarbeitung (Art. 15 DSGVO), Berichtigung unrichtiger personenbezogener Daten (Art. 16 DSGVO), L\u00f6schung Ihrer bei uns gespeicherten Daten (Art. 17 DSGVO), Einschr\u00e4nkung der Datenverarbeitung, sofern wir Ihre Daten aufgrund gesetzlicher Pflichten noch [&hellip;]<\/p>\n","protected":false},"author":1,"featured_media":0,"parent":0,"menu_order":0,"comment_status":"closed","ping_status":"closed","template":"page-templates\/full-width-page.php","meta":{"footnotes":""},"_links":{"self":[{"href":"https:\/\/delneshin.de\/de\/wp-json\/wp\/v2\/pages\/4930"}],"collection":[{"href":"https:\/\/delneshin.de\/de\/wp-json\/wp\/v2\/pages"}],"about":[{"href":"https:\/\/delneshin.de\/de\/wp-json\/wp\/v2\/types\/page"}],"author":[{"embeddable":true,"href":"https:\/\/delneshin.de\/de\/wp-json\/wp\/v2\/users\/1"}],"replies":[{"embeddable":true,"href":"https:\/\/delneshin.de\/de\/wp-json\/wp\/v2\/comments?post=4930"}],"version-history":[{"count":13,"href":"https:\/\/delneshin.de\/de\/wp-json\/wp\/v2\/pages\/4930\/revisions"}],"predecessor-version":[{"id":5874,"href":"https:\/\/delneshin.de\/de\/wp-json\/wp\/v2\/pages\/4930\/revisions\/5874"}],"wp:attachment":[{"href":"https:\/\/delneshin.de\/de\/wp-json\/wp\/v2\/media?parent=4930"}],"curies":[{"name":"wp","href":"https:\/\/api.w.org\/{rel}","templated":true}]}}